{"id":68012,"date":"2026-03-26T07:33:08","date_gmt":"2026-03-26T07:33:08","guid":{"rendered":"https:\/\/prestigecosta.com\/?page_id=68012"},"modified":"2026-04-06T07:56:34","modified_gmt":"2026-04-06T07:56:34","slug":"short-term-rent","status":"publish","type":"page","link":"https:\/\/prestigecosta.com\/pl\/short-term-rent\/","title":{"rendered":"Wynajem kr\u00f3tkoterminowy"},"content":{"rendered":"<div data-elementor-type=\"wp-page\" data-elementor-id=\"68012\" class=\"elementor elementor-68012\" data-elementor-post-type=\"page\">\n\t\t\t\t<div class=\"elementor-element elementor-element-90851c0 e-con-full e-grid e-con e-child\" data-id=\"90851c0\" data-element_type=\"container\" data-e-type=\"container\" data-settings=\"{&quot;background_background&quot;:&quot;classic&quot;}\">\n\t\t<div class=\"elementor-element elementor-element-3a64cb3 e-con-full cs_bcx animated-fast e-flex elementor-invisible e-con e-child\" data-id=\"3a64cb3\" data-element_type=\"container\" data-e-type=\"container\" data-settings=\"{&quot;background_background&quot;:&quot;classic&quot;,&quot;animation&quot;:&quot;fadeInUp&quot;}\">\n\t\t<div class=\"elementor-element elementor-element-d1e05e0 e-con-full e-flex e-con e-child\" data-id=\"d1e05e0\" data-element_type=\"container\" data-e-type=\"container\">\n\t\t\t\t<div class=\"elementor-element elementor-element-fc6dd8a elementor-widget elementor-widget-heading\" data-id=\"fc6dd8a\" data-element_type=\"widget\" data-e-type=\"widget\" data-widget_type=\"heading.default\">\n\t\t\t\t\t<h2 class=\"elementor-heading-title elementor-size-default\">1 Nieruchomo\u015b\u0107<\/h2>\t\t\t\t<\/div>\n\t\t\t\t<div class=\"elementor-element elementor-element-317b109 elementor-widget elementor-widget-heading\" data-id=\"317b109\" data-element_type=\"widget\" data-e-type=\"widget\" data-widget_type=\"heading.default\">\n\t\t\t\t\t<h2 class=\"elementor-heading-title elementor-size-default\"><a href=\"https:\/\/booking.rentalbenidorm.com\/es\/apartamentos\">Wynajem kr\u00f3tkoterminowy<\/a><\/h2>\t\t\t\t<\/div>\n\t\t\t\t<\/div>\n\t\t<div class=\"elementor-element elementor-element-815ac6e e-con-full e-flex e-con e-child\" data-id=\"815ac6e\" data-element_type=\"container\" data-e-type=\"container\" data-settings=\"{&quot;background_background&quot;:&quot;classic&quot;}\">\n\t\t\t\t<div class=\"elementor-element elementor-element-01cf84c elementor-widget elementor-widget-html\" data-id=\"01cf84c\" data-element_type=\"widget\" data-e-type=\"widget\" data-widget_type=\"html.default\">\n\t\t\t\t\t<div class=\"promo-wrapper\">\n\n  <!-- LEFT CONTENT (ICON + TEXT) -->\n  <div class=\"promo-left\">\n    \n    <div class=\"info-text\">\n      \n      <!-- Info icon -->\n      <div class=\"info-icon\">\n        i\n        <div class=\"tooltip\">\n          Gdy odwiedzisz t\u0119 stron\u0119 i dokonasz rezerwacji, b\u0119dzie tam pole, w kt\u00f3rym nale\u017cy wpisa\u0107 kod promocyjny.<br>\n           Dzi\u0119ki temu mo\u017cesz zaoszcz\u0119dzi\u0107 pieni\u0105dze i sprawi\u0107, \u017ce Tw\u00f3j pobyt b\u0119dzie przyjemniejszy.<br> Mi\u0142ego pobytu!\n        <\/div>\n      <\/div>\n\n      <!-- Text -->\n      <div class=\"promo-text\">\n        Podczas rejestracji na tej stronie internetowej prosimy o podanie kodu promocyjnego &#039;\u2018<span class=\"green\">PrestigeCosta<\/span>\u2019otrzyma\u0107 <span class=\"green\">Rabat 5%<\/span>.<br>\n          To mi\u0142y dodatek do Twoich wakacji.\n      <\/div>\n\n    <\/div>\n\n  <\/div>\n\n  <!-- BUTTON -->\n  <div class=\"promo-right\">\n    <button class=\"copy-btn\" onclick=\"copyCode(this)\">\n      Kopiuj kod\n    <\/button>\n  <\/div>\n\n  <!-- Hidden code -->\n  <span id=\"promoCode\" style=\"display:none;\">PrestigeCosta<\/span>\n\n<\/div>\n\n<style>\n.promo-wrapper {\n  display: flex;\n  gap: 5px;\n  flex-direction: column\n  ;\n}\n\n\/* LEFT SIDE *\/\n.promo-left {\n  flex: 1;\n}\n\n.info-text {\n  display: flex;\n  align-items: start;\n  gap: 2px;\n}\n\n.info-icon {\n  width: 10px;\n  height: 10px;\n  min-width: 10px;\n  border: 1px solid #555;\n  border-radius: 50%;\n  display: flex;\n  align-items: center;\n  justify-content: center;\n  font-size: 9px;\n  cursor: pointer;\n  margin: 2px 1px 0 0;\n  display: none;\n}\n\n.tooltip {\n  position: absolute;\n  bottom: 40px;\n  left: 0;\n  background: #fff;\n  padding: 7px;\n  border: 1px solid #ccc;\n  border-radius: 4px;\n  width: 100%;\n  font-size: 9px;\n  display: none;\n  box-shadow: 0 4px 10px rgba(0,0,0,0.1);\n  z-index: 10;\n  opacity: 0;\n}\n\n.info-icon:hover .tooltip {\n  display: block;\n  opacity: 1;\n}\n\n.promo-text {\n  font-size: 12px;\n  line-height: 16px;\n font-weight: 400 !important;\n}\n\n\/* BUTTON SIDE *\/\n.promo-right {\n  flex-shrink: 0;\n}\n\n.copy-btn {\n  padding: 6px 4px;\n  border: 1px solid #262857;\n  background: #fff;\n  cursor: pointer;\n  border-radius: 3px;\n  transition: 0.3s;\n  font-size: 9px;\n  line-height: 10px;\n  color: #262857;\n  min-width: 60px;\n}\n\n.copy-btn:hover {\n  background: #262857;\n  color: #fff;\n}\n\n.green {\n  color: #31D16E;\n  font-weight: bold;\n}\n\n\/* MOBILE FIX *\/\n@media (max-width: 400px) {\n  .tooltip {\n  bottom: 65px;\n \n}\n}\n<\/style>\n\n<script>\nfunction copyCode(btn) {\n  const code = document.getElementById(\"promoCode\").innerText;\n\n  navigator.clipboard.writeText(code).then(() => {\n    btn.innerText = \"Copied!\";\n    setTimeout(() => {\n      btn.innerText = \"Copy Code\";\n    }, 2000);\n  });\n}\n<\/script>\t\t\t\t<\/div>\n\t\t\t\t<div class=\"elementor-element elementor-element-0ccfad7 elementor-widget-divider--view-line elementor-widget elementor-widget-divider\" data-id=\"0ccfad7\" data-element_type=\"widget\" data-e-type=\"widget\" data-widget_type=\"divider.default\">\n\t\t\t\t\t\t\t<div class=\"elementor-divider\">\n\t\t\t<span class=\"elementor-divider-separator\">\n\t\t\t\t\t\t<\/span>\n\t\t<\/div>\n\t\t\t\t\t\t<\/div>\n\t\t\t\t<div class=\"elementor-element elementor-element-62317e9 elementor-align-left elementor-widget elementor-widget-button\" data-id=\"62317e9\" data-element_type=\"widget\" data-e-type=\"widget\" data-widget_type=\"button.default\">\n\t\t\t\t\t\t\t\t\t\t<a class=\"elementor-button elementor-button-link elementor-size-sm\" href=\"https:\/\/booking.rentalbenidorm.com\/es\/apartamentos\" target=\"_blank\">\n\t\t\t\t\t\t<span class=\"elementor-button-content-wrapper\">\n\t\t\t\t\t\t<span class=\"elementor-button-icon\">\n\t\t\t\t<svg aria-hidden=\"true\" class=\"e-font-icon-svg e-fas-arrow-right\" viewbox=\"0 0 448 512\" xmlns=\"http:\/\/www.w3.org\/2000\/svg\"><path d=\"M190.5 66.9l22.2-22.2c9.4-9.4 24.6-9.4 33.9 0L441 239c9.4 9.4 9.4 24.6 0 33.9L246.6 467.3c-9.4 9.4-24.6 9.4-33.9 0l-22.2-22.2c-9.5-9.5-9.3-25 .4-34.3L311.4 296H24c-13.3 0-24-10.7-24-24v-32c0-13.3 10.7-24 24-24h287.4L190.9 101.2c-9.8-9.3-10-24.8-.4-34.3z\"><\/path><\/svg>\t\t\t<\/span>\n\t\t\t\t\t\t\t\t\t<span class=\"elementor-button-text\">Odwied\u017a stron\u0119 internetow\u0105<\/span>\n\t\t\t\t\t<\/span>\n\t\t\t\t\t<\/a>\n\t\t\t\t\t\t\t\t<\/div>\n\t\t\t\t<\/div>\n\t\t\t\t<\/div>\n\t\t\t\t<\/div>\n\t\t\t\t<\/div>","protected":false},"excerpt":{"rendered":"<p>1 Property Short-term rent i When you visit this website and make a booking, there will be a field to enter a promo code. This helps you save money and makes your stay more enjoyable. Have a great stay! When registering on this website, please enter the promo code \u2018PrestigeCosta\u2019 to receive a 5% discount. [&hellip;]<\/p>\n","protected":false},"author":1,"featured_media":0,"parent":0,"menu_order":0,"comment_status":"closed","ping_status":"closed","template":"","meta":{"_acf_changed":false,"footnotes":""},"class_list":["post-68012","page","type-page","status-publish","hentry"],"acf":[],"yoast_head":"<!-- This site is optimized with the Yoast SEO plugin v27.3 - https:\/\/yoast.com\/product\/yoast-seo-wordpress\/ -->\n<title>Short Term Rent - Prestige Costa<\/title>\n<meta name=\"robots\" content=\"index, follow, max-snippet:-1, max-image-preview:large, max-video-preview:-1\" \/>\n<link rel=\"canonical\" href=\"https:\/\/prestigecosta.com\/pl\/short-term-rent\/\" \/>\n<meta property=\"og:locale\" content=\"pl_PL\" \/>\n<meta property=\"og:type\" content=\"article\" \/>\n<meta property=\"og:title\" content=\"Short Term Rent - Prestige Costa\" \/>\n<meta property=\"og:description\" content=\"1 Property Short-term rent i When you visit this website and make a booking, there will be a field to enter a promo code. This helps you save money and makes your stay more enjoyable. Have a great stay! When registering on this website, please enter the promo code \u2018PrestigeCosta\u2019 to receive a 5% discount. [&hellip;]\" \/>\n<meta property=\"og:url\" content=\"https:\/\/prestigecosta.com\/pl\/short-term-rent\/\" \/>\n<meta property=\"og:site_name\" content=\"Prestige Costa\" \/>\n<meta property=\"article:modified_time\" content=\"2026-04-06T07:56:34+00:00\" \/>\n<meta name=\"twitter:card\" content=\"summary_large_image\" \/>\n<meta name=\"twitter:label1\" content=\"Szacowany czas czytania\" \/>\n\t<meta name=\"twitter:data1\" content=\"2 minuty\" \/>\n<script type=\"application\/ld+json\" class=\"yoast-schema-graph\">{\"@context\":\"https:\\\/\\\/schema.org\",\"@graph\":[{\"@type\":\"WebPage\",\"@id\":\"https:\\\/\\\/prestigecosta.com\\\/short-term-rent\\\/\",\"url\":\"https:\\\/\\\/prestigecosta.com\\\/short-term-rent\\\/\",\"name\":\"Short Term Rent - Prestige Costa\",\"isPartOf\":{\"@id\":\"https:\\\/\\\/prestigecosta.com\\\/#website\"},\"datePublished\":\"2026-03-26T07:33:08+00:00\",\"dateModified\":\"2026-04-06T07:56:34+00:00\",\"breadcrumb\":{\"@id\":\"https:\\\/\\\/prestigecosta.com\\\/short-term-rent\\\/#breadcrumb\"},\"inLanguage\":\"pl-PL\",\"potentialAction\":[{\"@type\":\"ReadAction\",\"target\":[\"https:\\\/\\\/prestigecosta.com\\\/short-term-rent\\\/\"]}]},{\"@type\":\"BreadcrumbList\",\"@id\":\"https:\\\/\\\/prestigecosta.com\\\/short-term-rent\\\/#breadcrumb\",\"itemListElement\":[{\"@type\":\"ListItem\",\"position\":1,\"name\":\"Home\",\"item\":\"https:\\\/\\\/prestigecosta.com\\\/\"},{\"@type\":\"ListItem\",\"position\":2,\"name\":\"Short Term Rent\"}]},{\"@type\":\"WebSite\",\"@id\":\"https:\\\/\\\/prestigecosta.com\\\/#website\",\"url\":\"https:\\\/\\\/prestigecosta.com\\\/\",\"name\":\"Prestige Costa\",\"description\":\"\",\"potentialAction\":[{\"@type\":\"SearchAction\",\"target\":{\"@type\":\"EntryPoint\",\"urlTemplate\":\"https:\\\/\\\/prestigecosta.com\\\/?s={search_term_string}\"},\"query-input\":{\"@type\":\"PropertyValueSpecification\",\"valueRequired\":true,\"valueName\":\"search_term_string\"}}],\"inLanguage\":\"pl-PL\"}]}<\/script>\n<!-- \/ Yoast SEO plugin. -->","yoast_head_json":{"title":"Wynajem kr\u00f3tkoterminowy - Prestige Costa","robots":{"index":"index","follow":"follow","max-snippet":"max-snippet:-1","max-image-preview":"max-image-preview:large","max-video-preview":"max-video-preview:-1"},"canonical":"https:\/\/prestigecosta.com\/pl\/short-term-rent\/","og_locale":"pl_PL","og_type":"article","og_title":"Short Term Rent - Prestige Costa","og_description":"1 Property Short-term rent i When you visit this website and make a booking, there will be a field to enter a promo code. This helps you save money and makes your stay more enjoyable. Have a great stay! When registering on this website, please enter the promo code \u2018PrestigeCosta\u2019 to receive a 5% discount. [&hellip;]","og_url":"https:\/\/prestigecosta.com\/pl\/short-term-rent\/","og_site_name":"Prestige Costa","article_modified_time":"2026-04-06T07:56:34+00:00","twitter_card":"summary_large_image","twitter_misc":{"Szacowany czas czytania":"2 minuty"},"schema":{"@context":"https:\/\/schema.org","@graph":[{"@type":"WebPage","@id":"https:\/\/prestigecosta.com\/short-term-rent\/","url":"https:\/\/prestigecosta.com\/short-term-rent\/","name":"Wynajem kr\u00f3tkoterminowy - Prestige Costa","isPartOf":{"@id":"https:\/\/prestigecosta.com\/#website"},"datePublished":"2026-03-26T07:33:08+00:00","dateModified":"2026-04-06T07:56:34+00:00","breadcrumb":{"@id":"https:\/\/prestigecosta.com\/short-term-rent\/#breadcrumb"},"inLanguage":"pl-PL","potentialAction":[{"@type":"ReadAction","target":["https:\/\/prestigecosta.com\/short-term-rent\/"]}]},{"@type":"BreadcrumbList","@id":"https:\/\/prestigecosta.com\/short-term-rent\/#breadcrumb","itemListElement":[{"@type":"ListItem","position":1,"name":"Home","item":"https:\/\/prestigecosta.com\/"},{"@type":"ListItem","position":2,"name":"Short Term Rent"}]},{"@type":"WebSite","@id":"https:\/\/prestigecosta.com\/#website","url":"https:\/\/prestigecosta.com\/","name":"Presti\u017c Costa","description":"","potentialAction":[{"@type":"SearchAction","target":{"@type":"EntryPoint","urlTemplate":"https:\/\/prestigecosta.com\/?s={search_term_string}"},"query-input":{"@type":"PropertyValueSpecification","valueRequired":true,"valueName":"search_term_string"}}],"inLanguage":"pl-PL"}]}},"_links":{"self":[{"href":"https:\/\/prestigecosta.com\/pl\/wp-json\/wp\/v2\/pages\/68012","targetHints":{"allow":["GET"]}}],"collection":[{"href":"https:\/\/prestigecosta.com\/pl\/wp-json\/wp\/v2\/pages"}],"about":[{"href":"https:\/\/prestigecosta.com\/pl\/wp-json\/wp\/v2\/types\/page"}],"author":[{"embeddable":true,"href":"https:\/\/prestigecosta.com\/pl\/wp-json\/wp\/v2\/users\/1"}],"replies":[{"embeddable":true,"href":"https:\/\/prestigecosta.com\/pl\/wp-json\/wp\/v2\/comments?post=68012"}],"version-history":[{"count":5,"href":"https:\/\/prestigecosta.com\/pl\/wp-json\/wp\/v2\/pages\/68012\/revisions"}],"predecessor-version":[{"id":70279,"href":"https:\/\/prestigecosta.com\/pl\/wp-json\/wp\/v2\/pages\/68012\/revisions\/70279"}],"wp:attachment":[{"href":"https:\/\/prestigecosta.com\/pl\/wp-json\/wp\/v2\/media?parent=68012"}],"curies":[{"name":"wp","href":"https:\/\/api.w.org\/{rel}","templated":true}]}}